{"id":2458,"date":"2024-11-27T17:45:59","date_gmt":"2024-11-27T14:45:59","guid":{"rendered":"https:\/\/majesticstone.net\/?page_id=2458"},"modified":"2026-03-28T01:43:27","modified_gmt":"2026-03-27T22:43:27","slug":"about-us","status":"publish","type":"page","link":"https:\/\/majesticstone.net\/es\/about-us\/","title":{"rendered":"Sobre nosotros"},"content":{"rendered":"<header class=\"wp-block-uagb-container uagb-block-ltrm2iwz alignfull uagb-is-root-container\">\n<div style=\"height:150px\" aria-hidden=\"true\" class=\"wp-block-spacer\"><\/div>\n\n\n\n<div class=\"wp-block-uagb-info-box uagb-block-6tpvdskx uagb-infobox__content-wrap  uagb-infobox-icon-above-title uagb-infobox-image-valign-top\"><div class=\"uagb-ifb-content\"><div class=\"uagb-ifb-title-wrap\"><h2 class=\"uagb-ifb-title\">Acerca de Majestic Stones<\/h2><\/div><p class=\"uagb-ifb-desc\">Descubra nuestra historia y compromiso con la excelencia en tan s\u00f3lo unas l\u00edneas.<\/p><\/div><\/div>\n<\/header>\n\n\n\n<div class=\"wp-block-uagb-container uagb-block-iy0kihxh alignfull uagb-is-root-container\"><div class=\"uagb-container-inner-blocks-wrap\">\n<div class=\"wp-block-uagb-container uagb-block-uojs4mww\">\n<div class=\"wp-block-uagb-info-box uagb-block-xhet3gdw uagb-infobox__content-wrap  uagb-infobox-icon-above-title uagb-infobox-image-valign-top wp-block-uagb-info-box--has-margin\"><div class=\"uagb-infobox-margin-wrapper\"><div class=\"uagb-ifb-content\"><div class=\"uagb-ifb-title-wrap\"><h2 class=\"uagb-ifb-title\">Nuestra historia<\/h2><\/div><p class=\"uagb-ifb-desc\">Majestic Stones es una empresa egipcia din\u00e1mica dedicada a obtener y exportar el mejor m\u00e1rmol y granito del coraz\u00f3n de Egipto al mercado mundial. Con una pasi\u00f3n profundamente arraigada por la piedra natural, estamos comprometidos a ofrecer productos de calidad excepcional que realcen la belleza y la durabilidad de cualquier espacio.<\/p><\/div><\/div><\/div>\n\n\n\n<div class=\"wp-block-uagb-image alignleft uagb-block-adrdrg66 wp-block-uagb-image--layout-default wp-block-uagb-image--effect-static wp-block-uagb-image--align-left\"><figure class=\"wp-block-uagb-image__figure\"><img decoding=\"async\" srcset=\"https:\/\/majesticstone.net\/wp-content\/uploads\/2024\/11\/countertop-2.jpg ,https:\/\/majesticstone.net\/wp-content\/uploads\/2024\/11\/countertop-2.jpg 780w, https:\/\/majesticstone.net\/wp-content\/uploads\/2024\/11\/countertop-2.jpg 360w\" sizes=\"auto, (max-width: 480px) 150px\" src=\"https:\/\/majesticstone.net\/wp-content\/uploads\/2024\/11\/countertop-2.jpg\" alt=\"\" class=\"uag-image-2426\" width=\"564\" height=\"376\" title=\"countertop 2\" loading=\"lazy\" role=\"img\"\/><\/figure><\/div>\n\n\n\n<div class=\"wp-block-uagb-info-box uagb-block-x8jkfth4 uagb-infobox__content-wrap  uagb-infobox-icon-above-title uagb-infobox-image-valign-top\"><div class=\"uagb-ifb-content\"><div class=\"uagb-ifb-title-wrap\"><h3 class=\"uagb-ifb-title\">Calidad incomparable:<\/h3><\/div><p class=\"uagb-ifb-desc\">Las piedras se seleccionan meticulosamente por su durabilidad superior, consistencia de color y atractivo est\u00e9tico.<\/p><\/div><\/div>\n<\/div>\n\n\n\n<div class=\"wp-block-uagb-container uagb-block-0hxuc2nl\">\n<div class=\"wp-block-uagb-image alignleft uagb-block-jwdqyon1 wp-block-uagb-image--layout-default wp-block-uagb-image--effect-static wp-block-uagb-image--align-left\"><figure class=\"wp-block-uagb-image__figure\"><img decoding=\"async\" srcset=\"https:\/\/majesticstone.net\/wp-content\/uploads\/2024\/11\/worker-1.jpg ,https:\/\/majesticstone.net\/wp-content\/uploads\/2024\/11\/worker-1.jpg 780w, https:\/\/majesticstone.net\/wp-content\/uploads\/2024\/11\/worker-1.jpg 360w\" sizes=\"auto, (max-width: 480px) 150px\" src=\"https:\/\/majesticstone.net\/wp-content\/uploads\/2024\/11\/worker-1.jpg\" alt=\"\" class=\"uag-image-2447\" width=\"564\" height=\"376\" title=\"marble repair with angle grinder\" loading=\"lazy\" role=\"img\"\/><\/figure><\/div>\n\n\n\n<div class=\"wp-block-uagb-info-box uagb-block-tlejwks8 uagb-infobox__content-wrap  uagb-infobox-icon-above-title uagb-infobox-image-valign-top wp-block-uagb-info-box--has-margin\"><div class=\"uagb-infobox-margin-wrapper\"><div class=\"uagb-ifb-content\"><div class=\"uagb-ifb-title-wrap\"><h3 class=\"uagb-ifb-title\">Selecci\u00f3n variada:<\/h3><\/div><p class=\"uagb-ifb-desc\">Desde el cl\u00e1sico m\u00e1rmol blanco hasta el granito con dise\u00f1os atrevidos, nuestra amplia gama satisface todos los gustos y estilos.<\/p><\/div><\/div><\/div>\n\n\n\n<div class=\"wp-block-uagb-image alignleft uagb-block-l6adxvp3 wp-block-uagb-image--layout-default wp-block-uagb-image--effect-static wp-block-uagb-image--align-left\"><figure class=\"wp-block-uagb-image__figure\"><img decoding=\"async\" srcset=\"https:\/\/majesticstone.net\/wp-content\/uploads\/2024\/11\/cutting-machine-2-1.jpg ,https:\/\/majesticstone.net\/wp-content\/uploads\/2024\/11\/cutting-machine-2-1.jpg 780w, https:\/\/majesticstone.net\/wp-content\/uploads\/2024\/11\/cutting-machine-2-1.jpg 360w\" sizes=\"auto, (max-width: 480px) 150px\" src=\"https:\/\/majesticstone.net\/wp-content\/uploads\/2024\/11\/cutting-machine-2-1.jpg\" alt=\"\" class=\"uag-image-2422\" width=\"564\" height=\"376\" title=\"Worker is working, cutting marble cutter\" loading=\"lazy\" role=\"img\"\/><\/figure><\/div>\n\n\n\n<div class=\"wp-block-uagb-info-box uagb-block-eh1f4dvu uagb-infobox__content-wrap  uagb-infobox-icon-above-title uagb-infobox-image-valign-top\"><div class=\"uagb-ifb-content\"><div class=\"uagb-ifb-title-wrap\"><h3 class=\"uagb-ifb-title\">Orientaci\u00f3n experta:<\/h3><\/div><p class=\"uagb-ifb-desc\">Nuestro equipo experto est\u00e1 disponible para ayudarlo a elegir la piedra perfecta para su proyecto y brindarle asesoramiento experto sobre instalaci\u00f3n y mantenimiento.<\/p><\/div><\/div>\n<\/div>\n<\/div><\/div>\n\n\n\n<div class=\"wp-block-uagb-container uagb-block-p16aa4eo alignfull uagb-is-root-container\"><div class=\"uagb-container-inner-blocks-wrap\">\n<div class=\"wp-block-uagb-star-rating uagb-block-cm5l6ztk\"><div class=\"uag-star-rating\" title=\"5\/5\"><span class=\"uag-star\">\u2605<\/span><span class=\"uag-star\">\u2605<\/span><span class=\"uag-star\">\u2605<\/span><span class=\"uag-star\">\u2605<\/span><span class=\"uag-star\">\u2605<\/span><\/div><\/div>\n\n\n\n<div class=\"wp-block-uagb-info-box uagb-block-ilfbrz5i uagb-infobox__content-wrap  uagb-infobox-icon-above-title uagb-infobox-image-valign-top\"><div class=\"uagb-ifb-content\"><div class=\"uagb-ifb-title-wrap\"><h4 class=\"uagb-ifb-title\">Servicio excepcional! <br>Esta empresa va m\u00e1s all\u00e1 para satisfacer las necesidades de sus clientes.<br>No podr\u00eda estar m\u00e1s feliz con los resultados.<\/h4><\/div><\/div><\/div>\n\n\n\n<div class=\"wp-block-uagb-info-box uagb-block-ov7kyjnq uagb-infobox__content-wrap  uagb-infobox-icon-above-title uagb-infobox-image-valign-top\"><div class=\"uagb-ifb-content\"><div class=\"uagb-ifb-image-content\"><img decoding=\"async\" src=\"https:\/\/websitedemos.net\/wp-content\/uploads\/2023\/10\/testimonial-skip-01.jpg\" alt=\"\" width=\"48\" height=\"48\" loading=\"lazy\"\/><\/div><div class=\"uagb-ifb-title-wrap\"><p class=\"uagb-ifb-title\">cliente de rep\u00fablica dominicana<\/p><\/div><\/div><\/div>\n<\/div><\/div>\n\n\n\n<div class=\"wp-block-uagb-container uagb-block-sxdy8ena alignfull uagb-is-root-container\"><div class=\"uagb-container-inner-blocks-wrap\">\n<div class=\"wp-block-uagb-container uagb-block-3zkhvkws\">\n<div class=\"wp-block-uagb-info-box uagb-block-9cuajgpr uagb-infobox__content-wrap  uagb-infobox-icon-above-title uagb-infobox-image-valign-top\"><div class=\"uagb-ifb-content\"><div class=\"uagb-ifb-title-wrap\"><h2 class=\"uagb-ifb-title\">Dejemos que los n\u00fameros hablen<\/h2><\/div><\/div><\/div>\n\n\n\n<div class=\"wp-block-uagb-info-box uagb-block-2h45oiok uagb-infobox__content-wrap  uagb-infobox-icon-above-title uagb-infobox-image-valign-top\"><div class=\"uagb-ifb-content\"><div class=\"uagb-ifb-title-wrap\"><\/div><p class=\"uagb-ifb-desc\">Nuestros logros reflejan nuestro compromiso con la excelencia.<\/p><\/div><\/div>\n<\/div>\n\n\n\n<div class=\"wp-block-uagb-container uagb-block-x2lrqt0l\">\n<div class=\"wp-block-uagb-info-box uagb-block-hktala23 uagb-infobox__content-wrap  uagb-infobox-icon-above-title uagb-infobox-image-valign-top\"><div class=\"uagb-ifb-content\"><div class=\"uagb-ifb-title-wrap\"><h3 class=\"uagb-ifb-title\">200+<\/h3><\/div><p class=\"uagb-ifb-desc\">M\u00e1s de 200 contenedores entregados a clientes satisfechos.<\/p><\/div><\/div>\n\n\n\n<div class=\"wp-block-uagb-info-box uagb-block-yik1rz66 uagb-infobox__content-wrap  uagb-infobox-icon-above-title uagb-infobox-image-valign-top\"><div class=\"uagb-ifb-content\"><div class=\"uagb-ifb-title-wrap\"><h3 class=\"uagb-ifb-title\">98%<\/h3><\/div><p class=\"uagb-ifb-desc\">Una tasa de satisfacci\u00f3n del cliente del 98%, un testimonio de nuestro compromiso con la calidad.<\/p><\/div><\/div>\n\n\n\n<div class=\"wp-block-uagb-info-box uagb-block-z7mb0lj6 uagb-infobox__content-wrap  uagb-infobox-icon-above-title uagb-infobox-image-valign-top\"><div class=\"uagb-ifb-content\"><div class=\"uagb-ifb-title-wrap\"><h3 class=\"uagb-ifb-title\">20+<\/h3><\/div><p class=\"uagb-ifb-desc\">Con m\u00e1s de 8 a\u00f1os de experiencia en la industria, continuamos liderando el camino en creatividad e innovaci\u00f3n.<\/p><\/div><\/div>\n<\/div>\n<\/div><\/div>\n\n\n\n<div class=\"wp-block-uagb-container uagb-block-uv1bns8e alignfull uagb-is-root-container\">\n<div class=\"wp-block-uagb-info-box uagb-block-a2idxcby uagb-infobox__content-wrap  uagb-infobox-icon-above-title uagb-infobox-image-valign-top\"><div class=\"uagb-ifb-content\"><div class=\"uagb-ifb-title-wrap\"><h2 class=\"uagb-ifb-title\">Explora nuestros productos principales<\/h2><\/div><p class=\"uagb-ifb-desc\">Sum\u00e9rjase en un viaje visual que muestra nuestros mejores productos.<\/p><\/div><\/div>\n\n\n\n<div class=\"wp-block-uagb-container uagb-block-eyakn6sa\">\n<div class=\"wp-block-uagb-image alignleft uagb-block-8jhfvtpw wp-block-uagb-image--layout-default wp-block-uagb-image--effect-zoomin wp-block-uagb-image--align-left\"><figure class=\"wp-block-uagb-image__figure\"><img decoding=\"async\" srcset=\"https:\/\/majesticstone.net\/wp-content\/uploads\/2024\/11\/white-marble.jpg ,https:\/\/majesticstone.net\/wp-content\/uploads\/2024\/11\/white-marble.jpg 780w, https:\/\/majesticstone.net\/wp-content\/uploads\/2024\/11\/white-marble.jpg 360w\" sizes=\"auto, (max-width: 480px) 150px\" src=\"https:\/\/majesticstone.net\/wp-content\/uploads\/2024\/11\/white-marble.jpg\" alt=\"\" class=\"uag-image-2445\" width=\"282\" height=\"282\" title=\"\" loading=\"lazy\" role=\"presentation\"\/><figcaption class=\"uagb-image-caption\">M\u00e1rmol<\/figcaption><\/figure><\/div>\n\n\n\n<div class=\"wp-block-uagb-image alignleft uagb-block-o5o5layu wp-block-uagb-image--layout-default wp-block-uagb-image--effect-zoomin wp-block-uagb-image--align-left\"><figure class=\"wp-block-uagb-image__figure\"><img decoding=\"async\" srcset=\"https:\/\/majesticstone.net\/wp-content\/uploads\/2024\/11\/granite-floor.jpg ,https:\/\/majesticstone.net\/wp-content\/uploads\/2024\/11\/granite-floor.jpg 780w, https:\/\/majesticstone.net\/wp-content\/uploads\/2024\/11\/granite-floor.jpg 360w\" sizes=\"auto, (max-width: 480px) 150px\" src=\"https:\/\/majesticstone.net\/wp-content\/uploads\/2024\/11\/granite-floor.jpg\" alt=\"\" class=\"uag-image-2435\" width=\"282\" height=\"282\" title=\"\" loading=\"lazy\" role=\"presentation\"\/><figcaption class=\"uagb-image-caption\">Granito<\/figcaption><\/figure><\/div>\n\n\n\n<div class=\"wp-block-uagb-image alignleft uagb-block-nphet8uz wp-block-uagb-image--layout-default wp-block-uagb-image--effect-zoomin wp-block-uagb-image--align-left\"><figure class=\"wp-block-uagb-image__figure\"><img decoding=\"async\" srcset=\"https:\/\/majesticstone.net\/wp-content\/uploads\/2024\/11\/granite-stones-4683351_640.jpg ,https:\/\/majesticstone.net\/wp-content\/uploads\/2024\/11\/granite-stones-4683351_640.jpg 780w, https:\/\/majesticstone.net\/wp-content\/uploads\/2024\/11\/granite-stones-4683351_640.jpg 360w\" sizes=\"auto, (max-width: 480px) 150px\" src=\"https:\/\/majesticstone.net\/wp-content\/uploads\/2024\/11\/granite-stones-4683351_640.jpg\" alt=\"\" class=\"uag-image-2378\" width=\"282\" height=\"282\" title=\"\" loading=\"lazy\" role=\"presentation\"\/><figcaption class=\"uagb-image-caption\">Piedras<\/figcaption><\/figure><\/div>\n\n\n\n<div class=\"wp-block-uagb-image alignleft uagb-block-kg1arvob wp-block-uagb-image--layout-default wp-block-uagb-image--effect-zoomin wp-block-uagb-image--align-left\"><figure class=\"wp-block-uagb-image__figure\"><img decoding=\"async\" srcset=\"https:\/\/majesticstone.net\/wp-content\/uploads\/2024\/11\/marble-samples.jpg ,https:\/\/majesticstone.net\/wp-content\/uploads\/2024\/11\/marble-samples.jpg 780w, https:\/\/majesticstone.net\/wp-content\/uploads\/2024\/11\/marble-samples.jpg 360w\" sizes=\"auto, (max-width: 480px) 150px\" src=\"https:\/\/majesticstone.net\/wp-content\/uploads\/2024\/11\/marble-samples.jpg\" alt=\"\" class=\"uag-image-2416\" width=\"282\" height=\"282\" title=\"\" loading=\"lazy\" role=\"presentation\"\/><figcaption class=\"uagb-image-caption\">Importado<\/figcaption><\/figure><\/div>\n<\/div>\n\n\n\n<div class=\"wp-block-uagb-buttons uagb-buttons__outer-wrap uagb-btn__default-btn uagb-btn-tablet__default-btn uagb-btn-mobile__default-btn uagb-block-c9ae53ad\"><div class=\"uagb-buttons__wrap uagb-buttons-layout-wrap\">\n<div class=\"wp-block-uagb-buttons-child uagb-buttons__outer-wrap uagb-block-afd8ebb5 wp-block-button\"><div class=\"uagb-button__wrapper\"><a class=\"uagb-buttons-repeater wp-block-button__link\" aria-label=\"\" href=\"https:\/\/majesticstone.net\/es\/products\/\" rel=\"follow noopener\" target=\"_self\" role=\"button\"><div class=\"uagb-button__link\">Descubra m\u00e1s<\/div><span class=\"uagb-button__icon uagb-button__icon-position-after\"><svg xmlns=\"https:\/\/www.w3.org\/2000\/svg\" viewbox=\"0 0 448 512\" aria-hidden=\"true\" focussable=\"false\"><path d=\"M438.6 278.6l-160 160C272.4 444.9 264.2 448 256 448s-16.38-3.125-22.62-9.375c-12.5-12.5-12.5-32.75 0-45.25L338.8 288H32C14.33 288 .0016 273.7 .0016 256S14.33 224 32 224h306.8l-105.4-105.4c-12.5-12.5-12.5-32.75 0-45.25s32.75-12.5 45.25 0l160 160C451.1 245.9 451.1 266.1 438.6 278.6z\"><\/path><\/svg><\/span><\/a><\/div><\/div>\n<\/div><\/div>\n<\/div>\n\n\n\n<div class=\"wp-block-uagb-container uagb-block-zcrorgui alignfull uagb-is-root-container\">\n<div class=\"wp-block-uagb-info-box uagb-block-gulxl0hm uagb-infobox__content-wrap  uagb-infobox-icon-above-title uagb-infobox-image-valign-top\"><div class=\"uagb-ifb-content\"><div class=\"uagb-ifb-title-wrap\"><p class=\"uagb-ifb-title-prefix\">Mantente conectado con nosotros<\/p><h2 class=\"uagb-ifb-title\">Creemos juntos<\/h2><\/div><\/div><\/div>\n\n\n\n<div class=\"wp-block-uagb-buttons uagb-buttons__outer-wrap uagb-btn__default-btn uagb-btn-tablet__default-btn uagb-btn-mobile__default-btn uagb-block-vk8ah6vo\"><div class=\"uagb-buttons__wrap uagb-buttons-layout-wrap\">\n<div class=\"wp-block-uagb-buttons-child uagb-buttons__outer-wrap uagb-block-sr6d3bfd wp-block-button\"><div class=\"uagb-button__wrapper\"><a class=\"uagb-buttons-repeater wp-block-button__link\" aria-label=\"\" href=\"https:\/\/majesticstone.net\/es\/contact\/\" rel=\"follow noopener\" target=\"_self\" role=\"button\"><div class=\"uagb-button__link\">Empezar<\/div><\/a><\/div><\/div>\n\n\n\n<div class=\"wp-block-uagb-buttons-child uagb-buttons__outer-wrap uagb-block-6grwmy5a wp-block-button\"><div class=\"uagb-button__wrapper\"><a class=\"uagb-buttons-repeater wp-block-button__link\" aria-label=\"\" href=\"https:\/\/majesticstone.net\/es\/products\/\" rel=\"follow noopener\" target=\"_self\" role=\"button\"><div class=\"uagb-button__link\">Learn More<\/div><\/a><\/div><\/div>\n<\/div><\/div>\n<\/div>","protected":false},"excerpt":{"rendered":"","protected":false},"author":2,"featured_media":0,"parent":0,"menu_order":0,"comment_status":"closed","ping_status":"closed","template":"page-about.php","meta":{"_acf_changed":false,"_crdt_document":"","_uag_custom_page_level_css":"","_monsterinsights_skip_tracking":false,"_monsterinsights_sitenote_active":false,"_monsterinsights_sitenote_note":"","_monsterinsights_sitenote_category":0,"footnotes":""},"class_list":["post-2458","page","type-page","status-publish","hentry"],"acf":[],"yoast_head":"<!-- This site is optimized with the Yoast SEO plugin v27.5 - https:\/\/yoast.com\/product\/yoast-seo-wordpress\/ -->\n<title>About Majestic Stone | Egyptian Marble &amp; Granite Exporters<\/title>\n<meta name=\"description\" content=\"Majestic Stone: Exporting premium Egyptian marble &amp; granite. We source directly from quarries, ensuring exceptional quality for your residential and commercial projects.\" \/>\n<meta name=\"robots\" content=\"index, follow, max-snippet:-1, max-image-preview:large, max-video-preview:-1\" \/>\n<link rel=\"canonical\" href=\"https:\/\/majesticstone.net\/es\/about-us\/\" \/>\n<meta property=\"og:locale\" content=\"es_ES\" \/>\n<meta property=\"og:type\" content=\"article\" \/>\n<meta property=\"og:title\" content=\"About Majestic Stone | Egyptian Marble &amp; Granite Exporters\" \/>\n<meta property=\"og:description\" content=\"Majestic Stone: Exporting premium Egyptian marble &amp; granite. We source directly from quarries, ensuring exceptional quality for your residential and commercial projects.\" \/>\n<meta property=\"og:url\" content=\"https:\/\/majesticstone.net\/es\/about-us\/\" \/>\n<meta property=\"og:site_name\" content=\"Majestic Stones\" \/>\n<meta property=\"article:publisher\" content=\"https:\/\/www.facebook.com\/people\/Majestic-stones\/61563933850590\/\" \/>\n<meta property=\"article:modified_time\" content=\"2026-03-27T22:43:27+00:00\" \/>\n<meta property=\"og:image\" content=\"https:\/\/majesticstone.net\/wp-content\/uploads\/2024\/11\/countertop-2.jpg\" \/>\n\t<meta property=\"og:image:width\" content=\"612\" \/>\n\t<meta property=\"og:image:height\" content=\"344\" \/>\n\t<meta property=\"og:image:type\" content=\"image\/jpeg\" \/>\n<meta name=\"twitter:card\" content=\"summary_large_image\" \/>\n<meta name=\"twitter:site\" content=\"@majesticstone1\" \/>\n<meta name=\"twitter:label1\" content=\"Tiempo de lectura\" \/>\n\t<meta name=\"twitter:data1\" content=\"3 minutos\" \/>\n<script type=\"application\/ld+json\" class=\"yoast-schema-graph\">{\"@context\":\"https:\\\/\\\/schema.org\",\"@graph\":[{\"@type\":\"WebPage\",\"@id\":\"https:\\\/\\\/majesticstone.net\\\/about-us\\\/\",\"url\":\"https:\\\/\\\/majesticstone.net\\\/about-us\\\/\",\"name\":\"About Majestic Stone | Egyptian Marble & Granite Exporters\",\"isPartOf\":{\"@id\":\"https:\\\/\\\/majesticstone.net\\\/#website\"},\"primaryImageOfPage\":{\"@id\":\"https:\\\/\\\/majesticstone.net\\\/about-us\\\/#primaryimage\"},\"image\":{\"@id\":\"https:\\\/\\\/majesticstone.net\\\/about-us\\\/#primaryimage\"},\"thumbnailUrl\":\"https:\\\/\\\/majesticstone.net\\\/wp-content\\\/uploads\\\/2024\\\/11\\\/countertop-2.jpg\",\"datePublished\":\"2024-11-27T14:45:59+00:00\",\"dateModified\":\"2026-03-27T22:43:27+00:00\",\"description\":\"Majestic Stone: Exporting premium Egyptian marble & granite. We source directly from quarries, ensuring exceptional quality for your residential and commercial projects.\",\"breadcrumb\":{\"@id\":\"https:\\\/\\\/majesticstone.net\\\/about-us\\\/#breadcrumb\"},\"inLanguage\":\"es\",\"potentialAction\":[{\"@type\":\"ReadAction\",\"target\":[\"https:\\\/\\\/majesticstone.net\\\/about-us\\\/\"]}]},{\"@type\":\"ImageObject\",\"inLanguage\":\"es\",\"@id\":\"https:\\\/\\\/majesticstone.net\\\/about-us\\\/#primaryimage\",\"url\":\"https:\\\/\\\/majesticstone.net\\\/wp-content\\\/uploads\\\/2024\\\/11\\\/countertop-2.jpg\",\"contentUrl\":\"https:\\\/\\\/majesticstone.net\\\/wp-content\\\/uploads\\\/2024\\\/11\\\/countertop-2.jpg\"},{\"@type\":\"BreadcrumbList\",\"@id\":\"https:\\\/\\\/majesticstone.net\\\/about-us\\\/#breadcrumb\",\"itemListElement\":[{\"@type\":\"ListItem\",\"position\":1,\"name\":\"Home\",\"item\":\"https:\\\/\\\/majesticstone.net\\\/\"},{\"@type\":\"ListItem\",\"position\":2,\"name\":\"About us\"}]},{\"@type\":\"WebSite\",\"@id\":\"https:\\\/\\\/majesticstone.net\\\/#website\",\"url\":\"https:\\\/\\\/majesticstone.net\\\/\",\"name\":\"majesticstone\",\"description\":\"Egypt&#039;s Premier Source for Global Stone Projects.\",\"potentialAction\":[{\"@type\":\"SearchAction\",\"target\":{\"@type\":\"EntryPoint\",\"urlTemplate\":\"https:\\\/\\\/majesticstone.net\\\/?s={search_term_string}\"},\"query-input\":{\"@type\":\"PropertyValueSpecification\",\"valueRequired\":true,\"valueName\":\"search_term_string\"}}],\"inLanguage\":\"es\"}]}<\/script>\n<!-- \/ Yoast SEO plugin. -->","yoast_head_json":{"title":"About Majestic Stone | Egyptian Marble & Granite Exporters","description":"Majestic Stone: Exporting premium Egyptian marble & granite. We source directly from quarries, ensuring exceptional quality for your residential and commercial projects.","robots":{"index":"index","follow":"follow","max-snippet":"max-snippet:-1","max-image-preview":"max-image-preview:large","max-video-preview":"max-video-preview:-1"},"canonical":"https:\/\/majesticstone.net\/es\/about-us\/","og_locale":"es_ES","og_type":"article","og_title":"About Majestic Stone | Egyptian Marble & Granite Exporters","og_description":"Majestic Stone: Exporting premium Egyptian marble & granite. We source directly from quarries, ensuring exceptional quality for your residential and commercial projects.","og_url":"https:\/\/majesticstone.net\/es\/about-us\/","og_site_name":"Majestic Stones","article_publisher":"https:\/\/www.facebook.com\/people\/Majestic-stones\/61563933850590\/","article_modified_time":"2026-03-27T22:43:27+00:00","og_image":[{"width":612,"height":344,"url":"https:\/\/majesticstone.net\/wp-content\/uploads\/2024\/11\/countertop-2.jpg","type":"image\/jpeg"}],"twitter_card":"summary_large_image","twitter_site":"@majesticstone1","twitter_misc":{"Tiempo de lectura":"3 minutos"},"schema":{"@context":"https:\/\/schema.org","@graph":[{"@type":"WebPage","@id":"https:\/\/majesticstone.net\/about-us\/","url":"https:\/\/majesticstone.net\/about-us\/","name":"About Majestic Stone | Egyptian Marble & Granite Exporters","isPartOf":{"@id":"https:\/\/majesticstone.net\/#website"},"primaryImageOfPage":{"@id":"https:\/\/majesticstone.net\/about-us\/#primaryimage"},"image":{"@id":"https:\/\/majesticstone.net\/about-us\/#primaryimage"},"thumbnailUrl":"https:\/\/majesticstone.net\/wp-content\/uploads\/2024\/11\/countertop-2.jpg","datePublished":"2024-11-27T14:45:59+00:00","dateModified":"2026-03-27T22:43:27+00:00","description":"Majestic Stone: Exporting premium Egyptian marble & granite. We source directly from quarries, ensuring exceptional quality for your residential and commercial projects.","breadcrumb":{"@id":"https:\/\/majesticstone.net\/about-us\/#breadcrumb"},"inLanguage":"es","potentialAction":[{"@type":"ReadAction","target":["https:\/\/majesticstone.net\/about-us\/"]}]},{"@type":"ImageObject","inLanguage":"es","@id":"https:\/\/majesticstone.net\/about-us\/#primaryimage","url":"https:\/\/majesticstone.net\/wp-content\/uploads\/2024\/11\/countertop-2.jpg","contentUrl":"https:\/\/majesticstone.net\/wp-content\/uploads\/2024\/11\/countertop-2.jpg"},{"@type":"BreadcrumbList","@id":"https:\/\/majesticstone.net\/about-us\/#breadcrumb","itemListElement":[{"@type":"ListItem","position":1,"name":"Home","item":"https:\/\/majesticstone.net\/"},{"@type":"ListItem","position":2,"name":"About us"}]},{"@type":"WebSite","@id":"https:\/\/majesticstone.net\/#website","url":"https:\/\/majesticstone.net\/","name":"majesticstone","description":"Egypt&#039;s Premier Source for Global Stone Projects.","potentialAction":[{"@type":"SearchAction","target":{"@type":"EntryPoint","urlTemplate":"https:\/\/majesticstone.net\/?s={search_term_string}"},"query-input":{"@type":"PropertyValueSpecification","valueRequired":true,"valueName":"search_term_string"}}],"inLanguage":"es"}]}},"uagb_featured_image_src":{"full":false,"thumbnail":false,"medium":false,"medium_large":false,"large":false,"1536x1536":false,"2048x2048":false,"trp-custom-language-flag":false,"product-card":false,"product-card-2x":false,"product-hero":false,"product-thumb":false,"product-texture":false,"category-card":false,"category-banner":false,"hero-banner":false,"application-sq":false,"project-card":false,"finish-hero":false,"brand-logo":false},"uagb_author_info":{"display_name":"admin","author_link":"https:\/\/majesticstone.net\/es\/author\/admin\/"},"uagb_comment_info":0,"uagb_excerpt":null,"_links":{"self":[{"href":"https:\/\/majesticstone.net\/es\/wp-json\/wp\/v2\/pages\/2458","targetHints":{"allow":["GET"]}}],"collection":[{"href":"https:\/\/majesticstone.net\/es\/wp-json\/wp\/v2\/pages"}],"about":[{"href":"https:\/\/majesticstone.net\/es\/wp-json\/wp\/v2\/types\/page"}],"author":[{"embeddable":true,"href":"https:\/\/majesticstone.net\/es\/wp-json\/wp\/v2\/users\/2"}],"replies":[{"embeddable":true,"href":"https:\/\/majesticstone.net\/es\/wp-json\/wp\/v2\/comments?post=2458"}],"version-history":[{"count":46,"href":"https:\/\/majesticstone.net\/es\/wp-json\/wp\/v2\/pages\/2458\/revisions"}],"predecessor-version":[{"id":2599,"href":"https:\/\/majesticstone.net\/es\/wp-json\/wp\/v2\/pages\/2458\/revisions\/2599"}],"wp:attachment":[{"href":"https:\/\/majesticstone.net\/es\/wp-json\/wp\/v2\/media?parent=2458"}],"curies":[{"name":"wp","href":"https:\/\/api.w.org\/{rel}","templated":true}]}}